{"id":3490,"date":"2023-01-31T20:53:32","date_gmt":"2023-01-31T17:53:32","guid":{"rendered":"https:\/\/uus.tantsupooning.ee\/?page_id=3490"},"modified":"2023-01-31T20:53:32","modified_gmt":"2023-01-31T17:53:32","slug":"kontakt","status":"publish","type":"page","link":"https:\/\/uus.tantsupooning.ee\/?page_id=3490&lang=et","title":{"rendered":"Kontakt"},"content":{"rendered":"<div class=\"wpb-content-wrapper\">[vc_row curly_padding=&#8221;content-padding-xxl&#8221;][vc_column width=&#8221;1\/2&#8243; offset=&#8221;vc_col-sm-offset-1&#8243;]\n<div class=\"wpcf7 no-js\" id=\"wpcf7-f1918-o1\" lang=\"en-US\" dir=\"ltr\">\n<div class=\"screen-reader-response\"><p role=\"status\" aria-live=\"polite\" aria-atomic=\"true\"><\/p> <ul><\/ul><\/div>\n<form action=\"\/index.php?rest_route=%2Fwp%2Fv2%2Fpages%2F3490#wpcf7-f1918-o1\" method=\"post\" class=\"wpcf7-form init\" aria-label=\"Contact form\" novalidate=\"novalidate\" data-status=\"init\">\n<div style=\"display: none;\">\n<input type=\"hidden\" name=\"_wpcf7\" value=\"1918\" \/>\n<input type=\"hidden\" name=\"_wpcf7_version\" value=\"5.9.8\" \/>\n<input type=\"hidden\" name=\"_wpcf7_locale\" value=\"en_US\" \/>\n<input type=\"hidden\" name=\"_wpcf7_unit_tag\" value=\"wpcf7-f1918-o1\" \/>\n<input type=\"hidden\" name=\"_wpcf7_container_post\" value=\"0\" \/>\n<input type=\"hidden\" name=\"_wpcf7_posted_data_hash\" value=\"\" \/>\n<\/div>\n<p><label> Your Name (required)<br \/>\n<span class=\"wpcf7-form-control-wrap\" data-name=\"your-name\"><input size=\"40\" maxlength=\"400\" class=\"wpcf7-form-control wpcf7-text wpcf7-validates-as-required\" aria-required=\"true\" aria-invalid=\"false\" value=\"\" type=\"text\" name=\"your-name\" \/><\/span> <\/label>\n<\/p>\n<p><label> Your Email (required)<br \/>\n<span class=\"wpcf7-form-control-wrap\" data-name=\"your-email\"><input size=\"40\" maxlength=\"400\" class=\"wpcf7-form-control wpcf7-email wpcf7-validates-as-required wpcf7-text wpcf7-validates-as-email\" aria-required=\"true\" aria-invalid=\"false\" value=\"\" type=\"email\" name=\"your-email\" \/><\/span> <\/label>\n<\/p>\n<p><label> Subject<br \/>\n<span class=\"wpcf7-form-control-wrap\" data-name=\"your-subject\"><input size=\"40\" maxlength=\"400\" class=\"wpcf7-form-control wpcf7-text\" aria-invalid=\"false\" value=\"\" type=\"text\" name=\"your-subject\" \/><\/span> <\/label>\n<\/p>\n<p><label> Your Message<br \/>\n<span class=\"wpcf7-form-control-wrap\" data-name=\"your-message\"><textarea cols=\"40\" rows=\"10\" maxlength=\"2000\" class=\"wpcf7-form-control wpcf7-textarea\" aria-invalid=\"false\" name=\"your-message\"><\/textarea><\/span> <\/label>\n<\/p>\n<p><input class=\"wpcf7-form-control wpcf7-submit has-spinner\" type=\"submit\" value=\"Send\" \/>\n<\/p><p style=\"display: none !important;\" class=\"akismet-fields-container\" data-prefix=\"_wpcf7_ak_\"><label>&#916;<textarea name=\"_wpcf7_ak_hp_textarea\" cols=\"45\" rows=\"8\" maxlength=\"100\"><\/textarea><\/label><input type=\"hidden\" id=\"ak_js_1\" name=\"_wpcf7_ak_js\" value=\"22\"\/><script>document.getElementById( \"ak_js_1\" ).setAttribute( \"value\", ( new Date() ).getTime() );<\/script><\/p><div class=\"wpcf7-response-output\" aria-hidden=\"true\"><\/div>\n<\/form>\n<\/div>\n[vc_separator border_width=&#8221;4&#8243; el_width=&#8221;50&#8243;][vc_row_inner][vc_column_inner][vc_gmaps link=&#8221;#E-8_JTNDaWZyYW1lJTIwc3JjJTNEJTIyaHR0cHMlM0ElMkYlMkZ3d3cuZ29vZ2xlLmNvbSUyRm1hcHMlMkZlbWJlZCUzRnBiJTNEJTIxMW0xOCUyMTFtMTIlMjExbTMlMjExZDIwMjguNzkwNjQxMTQ3NjMxNyUyMTJkMjQuNzM2MTYxODE2MTU3ODklMjEzZDU5LjQzNjU2NjIwOTQ2MTY3JTIxMm0zJTIxMWYwJTIxMmYwJTIxM2YwJTIxM20yJTIxMWkxMDI0JTIxMmk3NjglMjE0ZjEzLjElMjEzbTMlMjExbTIlMjExczB4NDY5Mjk0OWQ2N2M4NDFiZCUyNTNBMHhiZDczODczNmUwYjc3NDM5JTIxMnNUYWxsaW5uJTI1MjBCYWxsZXQlMjUyMFNjaG9vbCUyMTVlMCUyMTNtMiUyMTFzZW4lMjEyc2VlJTIxNHYxNjI5NDgyMTk5OTE0JTIxNW0yJTIxMXNlbiUyMTJzZWUlMjIlMjB3aWR0aCUzRCUyMjYwMCUyMiUyMGhlaWdodCUzRCUyMjQ1MCUyMiUyMHN0eWxlJTNEJTIyYm9yZGVyJTNBMCUzQiUyMiUyMGFsbG93ZnVsbHNjcmVlbiUzRCUyMiUyMiUyMGxvYWRpbmclM0QlMjJsYXp5JTIyJTNFJTNDJTJGaWZyYW1lJTNF&#8221; css=&#8221;.vc_custom_1633610540718{background-color: #d3d3d3 !important;}&#8221;][\/vc_column_inner][\/vc_row_inner][\/vc_column][vc_column width=&#8221;1\/4&#8243; offset=&#8221;vc_col-sm-offset-1&#8243;][vc_row_inner content_placement=&#8221;middle&#8221;][vc_column_inner width=&#8221;1\/3&#8243;][vc_single_image image=&#8221;3093&#8243; img_size=&#8221;medium&#8221; style=&#8221;vc_box_circle&#8221;][\/vc_column_inner][vc_column_inner width=&#8221;2\/3&#8243;][vc_column_text]\n<h6>Want to Dance Today?<br \/>\n<strong>Then Let&#8217;s Chat!<\/strong><\/h6>\n[\/vc_column_text][\/vc_column_inner][vc_column_inner][vc_separator css=&#8221;.vc_custom_1633608588241{margin-top: 190px !important;}&#8221;][vc_column_text]Ballet makes us happy, healthy and beautiful![\/vc_column_text][\/vc_column_inner][vc_column_inner width=&#8221;5\/6&#8243;][vc_column_text]\n<dl>\n<dt>\n<h1 class=\"entry-title\">Contact<\/h1>\n<div class=\"entry-content\">\n<address><strong><em>Dance Attic\u2019s location:<\/em><\/strong><\/address>\n<address>Tallinn, T\u00f5nism\u00e4gi 8<\/address>\n<address><em>\u00a0<\/em><\/address>\n<address><em>email:\u00a0<\/em><a href=\"mailto:tantsupooning@gmail.com\"><em>tantsupooning@gmail.com<\/em><\/a><\/address>\n<address><em>tel: +372 51 43 591<\/em><\/address>\n<address><em>\u00a0<\/em><\/address>\n<address><em>Legal address:<\/em><\/address>\n<address><strong><em>MT\u00dc Tantsup\u00f6\u00f6ning<\/em><\/strong><\/address>\n<address>P\u00f5\u00f5sa tee 1\/2-3<\/address>\n<address><em>Tallinn 11912<\/em><\/address>\n<address><em>Reg. No: 80572704<\/em><\/address>\n<\/div>\n<\/dt>\n<\/dl>\n[\/vc_column_text][\/vc_column_inner][\/vc_row_inner][vc_separator][\/vc_column][\/vc_row][vc_row][vc_column][\/vc_column][\/vc_row]\n<\/div>","protected":false},"excerpt":{"rendered":"<p>[vc_row curly_padding=&#8221;content-padding-xxl&#8221;][vc_column width=&#8221;1\/2&#8243; offset=&#8221;vc_col-sm-offset-1&#8243;][vc_separator border_width=&#8221;4&#8243; el_width=&#8221;50&#8243;][vc_row_inner][vc_column_inner][vc_gmaps link=&#8221;#E-8_JTNDaWZyYW1lJTIwc3JjJTNEJTIyaHR0cHMlM0ElMkYlMkZ3d3cuZ29vZ2xlLmNvbSUyRm1hcHMlMkZlbWJlZCUzRnBiJTNEJTIxMW0xOCUyMTFtMTIlMjExbTMlMjExZDIwMjguNzkwNjQxMTQ3NjMxNyUyMTJkMjQuNzM2MTYxODE2MTU3ODklMjEzZDU5LjQzNjU2NjIwOTQ2MTY3JTIxMm0zJTIxMWYwJTIxMmYwJTIxM2YwJTIxM20yJTIxMWkxMDI0JTIxMmk3NjglMjE0ZjEzLjElMjEzbTMlMjExbTIlMjExczB4NDY5Mjk0OWQ2N2M4NDFiZCUyNTNBMHhiZDczODczNmUwYjc3NDM5JTIxMnNUYWxsaW5uJTI1MjBCYWxsZXQlMjUyMFNjaG9vbCUyMTVlMCUyMTNtMiUyMTFzZW4lMjEyc2VlJTIxNHYxNjI5NDgyMTk5OTE0JTIxNW0yJTIxMXNlbiUyMTJzZWUlMjIlMjB3aWR0aCUzRCUyMjYwMCUyMiUyMGhlaWdodCUzRCUyMjQ1MCUyMiUyMHN0eWxlJTNEJTIyYm9yZGVyJTNBMCUzQiUyMiUyMGFsbG93ZnVsbHNjcmVlbiUzRCUyMiUyMiUyMGxvYWRpbmclM0QlMjJsYXp5JTIyJTNFJTNDJTJGaWZyYW1lJTNF&#8221; css=&#8221;.vc_custom_1633610540718{background-color: #d3d3d3 !important;}&#8221;][\/vc_column_inner][\/vc_row_inner][\/vc_column][vc_column width=&#8221;1\/4&#8243; offset=&#8221;vc_col-sm-offset-1&#8243;][vc_row_inner content_placement=&#8221;middle&#8221;][vc_column_inner width=&#8221;1\/3&#8243;][vc_single_image image=&#8221;3093&#8243; img_size=&#8221;medium&#8221; style=&#8221;vc_box_circle&#8221;][\/vc_column_inner][vc_column_inner width=&#8221;2\/3&#8243;][vc_column_text] Want to Dance Today? Then Let&#8217;s Chat! [\/vc_column_text][\/vc_column_inner][vc_column_inner][vc_separator css=&#8221;.vc_custom_1633608588241{margin-top: 190px !important;}&#8221;][vc_column_text]Ballet makes us happy, healthy and beautiful![\/vc_column_text][\/vc_column_inner][vc_column_inner width=&#8221;5\/6&#8243;][vc_column_text] Contact Dance Attic\u2019s location: Tallinn, T\u00f5nism\u00e4gi 8 \u00a0 email:\u00a0tantsupooning@gmail.com tel: +372 51 43 591 \u00a0 Legal address: MT\u00dc Tantsup\u00f6\u00f6ning P\u00f5\u00f5sa tee 1\/2-3 Tallinn 11912 [&hellip;]<\/p>\n","protected":false},"author":2,"featured_media":0,"parent":0,"menu_order":0,"comment_status":"closed","ping_status":"closed","template":"","meta":{"inline_featured_image":false,"footnotes":""},"class_list":["post-3490","page","type-page","status-publish","hentry"],"jetpack_sharing_enabled":true,"jetpack-related-posts":[],"_links":{"self":[{"href":"https:\/\/uus.tantsupooning.ee\/index.php?rest_route=\/wp\/v2\/pages\/3490","targetHints":{"allow":["GET"]}}],"collection":[{"href":"https:\/\/uus.tantsupooning.ee\/index.php?rest_route=\/wp\/v2\/pages"}],"about":[{"href":"https:\/\/uus.tantsupooning.ee\/index.php?rest_route=\/wp\/v2\/types\/page"}],"author":[{"embeddable":true,"href":"https:\/\/uus.tantsupooning.ee\/index.php?rest_route=\/wp\/v2\/users\/2"}],"replies":[{"embeddable":true,"href":"https:\/\/uus.tantsupooning.ee\/index.php?rest_route=%2Fwp%2Fv2%2Fcomments&post=3490"}],"version-history":[{"count":1,"href":"https:\/\/uus.tantsupooning.ee\/index.php?rest_route=\/wp\/v2\/pages\/3490\/revisions"}],"predecessor-version":[{"id":3491,"href":"https:\/\/uus.tantsupooning.ee\/index.php?rest_route=\/wp\/v2\/pages\/3490\/revisions\/3491"}],"wp:attachment":[{"href":"https:\/\/uus.tantsupooning.ee\/index.php?rest_route=%2Fwp%2Fv2%2Fmedia&parent=3490"}],"curies":[{"name":"wp","href":"https:\/\/api.w.org\/{rel}","templated":true}]}}